{"id":332,"date":"2019-01-13T15:18:52","date_gmt":"2019-01-13T13:18:52","guid":{"rendered":"https:\/\/schneefeld-brandschutz.de\/?page_id=332"},"modified":"2019-02-04T18:07:51","modified_gmt":"2019-02-04T16:07:51","slug":"startseite","status":"publish","type":"page","link":"https:\/\/schneefeld-brandschutz.de\/?page_id=332","title":{"rendered":"Startseite"},"content":{"rendered":"\n<h4 class=\"wp-block-heading\" style=\"text-align:left\" id=\"mce_1\">Ihr kompetenter Dienstleister rund um den vorbeugenden, organisatorischen, anlagentechnischen und baulichen Brandschutz.  <\/h4>\n\n\n\n<p><strong>Brandschutzb\u00fcro<\/strong><br><strong>Holger Schneefeld<\/strong><\/p>\n\n\n\n<div class=\"wp-block-image\"><figure class=\"alignleft is-resized\"><img decoding=\"async\" loading=\"lazy\" src=\"https:\/\/schneefeld-brandschutz.de\/wp-content\/uploads\/2019\/02\/Logo-300x181.jpg\" alt=\"\" class=\"wp-image-375\" width=\"75\" height=\"45\" srcset=\"https:\/\/schneefeld-brandschutz.de\/wp-content\/uploads\/2019\/02\/Logo-300x181.jpg 300w, https:\/\/schneefeld-brandschutz.de\/wp-content\/uploads\/2019\/02\/Logo-768x463.jpg 768w, https:\/\/schneefeld-brandschutz.de\/wp-content\/uploads\/2019\/02\/Logo-1024x618.jpg 1024w, https:\/\/schneefeld-brandschutz.de\/wp-content\/uploads\/2019\/02\/Logo-830x501.jpg 830w, https:\/\/schneefeld-brandschutz.de\/wp-content\/uploads\/2019\/02\/Logo-230x139.jpg 230w, https:\/\/schneefeld-brandschutz.de\/wp-content\/uploads\/2019\/02\/Logo-350x211.jpg 350w, https:\/\/schneefeld-brandschutz.de\/wp-content\/uploads\/2019\/02\/Logo-480x289.jpg 480w\" sizes=\"(max-width: 75px) 100vw, 75px\" \/><\/figure><\/div>\n\n\n\n<p>Sachverst\u00e4ndiger f\u00fcr vorbeugenden Brandschutz<br>\nnach DIN EN ISO\/IEC 17024<\/p>\n\n\n\n<p>Friedenstr. 6\/1<br>75038 Oberderdingen<br>(Tel.) 07258 9307747<br>(Mobil) 0151 50507309<br>(Mail) <a href=\"mailto:h.schneefeld@web.de\">h.schneefeld@web.de<\/a><\/p>\n","protected":false},"excerpt":{"rendered":"<p>Ihr kompetenter Dienstleister rund um den vorbeugenden, organisatorischen, anlagentechnischen und baulichen Brandschutz. Brandschutzb\u00fcroHolger Schneefeld Sachverst\u00e4ndiger f\u00fcr vorbeugenden Brandschutz nach DIN EN ISO\/IEC 17024 Friedenstr. 6\/175038 Oberderdingen(Tel.) 07258 9307747(Mobil) 0151 50507309(Mail) h.schneefeld@web.de<\/p>\n","protected":false},"author":1,"featured_media":0,"parent":0,"menu_order":0,"comment_status":"closed","ping_status":"closed","template":"","meta":[],"_links":{"self":[{"href":"https:\/\/schneefeld-brandschutz.de\/index.php?rest_route=\/wp\/v2\/pages\/332"}],"collection":[{"href":"https:\/\/schneefeld-brandschutz.de\/index.php?rest_route=\/wp\/v2\/pages"}],"about":[{"href":"https:\/\/schneefeld-brandschutz.de\/index.php?rest_route=\/wp\/v2\/types\/page"}],"author":[{"embeddable":true,"href":"https:\/\/schneefeld-brandschutz.de\/index.php?rest_route=\/wp\/v2\/users\/1"}],"replies":[{"embeddable":true,"href":"https:\/\/schneefeld-brandschutz.de\/index.php?rest_route=%2Fwp%2Fv2%2Fcomments&post=332"}],"version-history":[{"count":11,"href":"https:\/\/schneefeld-brandschutz.de\/index.php?rest_route=\/wp\/v2\/pages\/332\/revisions"}],"predecessor-version":[{"id":418,"href":"https:\/\/schneefeld-brandschutz.de\/index.php?rest_route=\/wp\/v2\/pages\/332\/revisions\/418"}],"wp:attachment":[{"href":"https:\/\/schneefeld-brandschutz.de\/index.php?rest_route=%2Fwp%2Fv2%2Fmedia&parent=332"}],"curies":[{"name":"wp","href":"https:\/\/api.w.org\/{rel}","templated":true}]}}